{"id":890,"date":"2021-02-04T04:54:36","date_gmt":"2021-02-04T04:54:36","guid":{"rendered":"http:\/\/scrmaquinas.com.br\/index.php\/blog\/"},"modified":"2022-05-15T18:09:29","modified_gmt":"2022-05-15T21:09:29","slug":"blog","status":"publish","type":"page","link":"https:\/\/scrmaquinas.com.br\/index.php\/blog\/","title":{"rendered":"Blog"},"content":{"rendered":"\t\t<div data-elementor-type=\"wp-page\" data-elementor-id=\"890\" class=\"elementor elementor-890\" data-elementor-settings=\"[]\">\n\t\t\t\t\t\t\t<div class=\"elementor-section-wrap\">\n\t\t\t\t\t\t\t<section class=\"elementor-section elementor-top-section elementor-element elementor-element-71b4f0c elementor-section-full_width elementor-section-height-min-height elementor-section-height-default elementor-section-items-middle\" data-id=\"71b4f0c\" data-element_type=\"section\" data-settings=\"{&quot;background_background&quot;:&quot;classic&quot;}\">\n\t\t\t\t\t\t\t<div class=\"elementor-background-overlay\"><\/div>\n\t\t\t\t\t\t\t<div class=\"elementor-container elementor-column-gap-extended\">\n\t\t\t\t\t<div class=\"elementor-column elementor-col-100 elementor-top-column elementor-element elementor-element-c3a846f\" data-id=\"c3a846f\" data-element_type=\"column\" data-settings=\"{&quot;background_background&quot;:&quot;classic&quot;}\">\n\t\t\t<div class=\"elementor-widget-wrap elementor-element-populated\">\n\t\t\t\t\t\t\t\t<div class=\"elementor-element elementor-element-3e52ef3 elementor-hidden-phone elementor-widget elementor-widget-spacer\" data-id=\"3e52ef3\" data-element_type=\"widget\" data-widget_type=\"spacer.default\">\n\t\t\t\t<div class=\"elementor-widget-container\">\n\t\t\t\t\t<div class=\"elementor-spacer\">\n\t\t\t<div class=\"elementor-spacer-inner\"><\/div>\n\t\t<\/div>\n\t\t\t\t<\/div>\n\t\t\t\t<\/div>\n\t\t\t\t<div class=\"elementor-element elementor-element-221cf0b elementor-hidden-phone elementor-widget elementor-widget-heading\" data-id=\"221cf0b\" data-element_type=\"widget\" data-widget_type=\"heading.default\">\n\t\t\t\t<div class=\"elementor-widget-container\">\n\t\t\t<h2 class=\"elementor-heading-title elementor-size-default\">Noticias<\/h2>\t\t<\/div>\n\t\t\t\t<\/div>\n\t\t\t\t<div class=\"elementor-element elementor-element-9249d1a elementor-hidden-phone elementor-widget elementor-widget-text-editor\" data-id=\"9249d1a\" data-element_type=\"widget\" data-widget_type=\"text-editor.default\">\n\t\t\t\t<div class=\"elementor-widget-container\">\n\t\t\t\t\t<div class=\"elementor-text-editor elementor-clearfix\"><p>Voc\u00ea j\u00e1 deve ter percebido a quantidade imensa de informa\u00e7\u00f5es novas que aparecem todos os dias. Com a internet, isso fica ainda mais evidente: as not\u00edcias chegam aos borbot\u00f5es. S\u00e3o novas descobertas cient\u00edficas, novas aplicabilidades t\u00e9cnicas, novos usos para coisas antigas ou coisas novas que v\u00eam substituir outras que nem chegaram a ficar antigas ainda.\u00a0 Fique de olho em nosso Blog e acompanhe as ultimas noticias do Agroneg\u00f3cio.<\/p><\/div>\n\t\t\t\t<\/div>\n\t\t\t\t<\/div>\n\t\t\t\t\t<\/div>\n\t\t<\/div>\n\t\t\t\t\t\t\t<\/div>\n\t\t<\/section>\n\t\t\t\t<section class=\"elementor-section elementor-top-section elementor-element elementor-element-44624198 elementor-section-boxed elementor-section-height-default elementor-section-height-default\" data-id=\"44624198\" data-element_type=\"section\">\n\t\t\t\t\t\t<div class=\"elementor-container elementor-column-gap-default\">\n\t\t\t\t\t<div class=\"elementor-column elementor-col-100 elementor-top-column elementor-element elementor-element-6035e7d6\" data-id=\"6035e7d6\" data-element_type=\"column\">\n\t\t\t<div class=\"elementor-widget-wrap elementor-element-populated\">\n\t\t\t\t\t\t\t\t<div class=\"elementor-element elementor-element-3f81998 elementor-grid-3 elementor-grid-tablet-2 elementor-grid-mobile-1 elementor-posts--thumbnail-top elementor-widget elementor-widget-posts\" data-id=\"3f81998\" data-element_type=\"widget\" data-settings=\"{&quot;classic_columns&quot;:&quot;3&quot;,&quot;classic_columns_tablet&quot;:&quot;2&quot;,&quot;classic_columns_mobile&quot;:&quot;1&quot;,&quot;classic_row_gap&quot;:{&quot;unit&quot;:&quot;px&quot;,&quot;size&quot;:35,&quot;sizes&quot;:[]}}\" data-widget_type=\"posts.classic\">\n\t\t\t\t<div class=\"elementor-widget-container\">\n\t\t\t\t\t<div class=\"elementor-posts-container elementor-posts elementor-posts--skin-classic elementor-grid\">\n\t\t\t\t<article class=\"elementor-post elementor-grid-item post-1906 post type-post status-publish format-standard has-post-thumbnail hentry category-sem-categoria\">\n\t\t\t\t<a class=\"elementor-post__thumbnail__link\" href=\"https:\/\/scrmaquinas.com.br\/index.php\/2022\/05\/15\/temperaturas-baixas-e-ciclone-marcam-comeco-da-semana-veja-previsao-em-todas-as-regioes\/\" >\n\t\t\t<div class=\"elementor-post__thumbnail\"><img width=\"300\" height=\"225\" src=\"https:\/\/scrmaquinas.com.br\/wp-content\/uploads\/2021\/06\/Frente-fria-300x225.jpg\" class=\"attachment-medium size-medium\" alt=\"\" loading=\"lazy\" srcset=\"https:\/\/scrmaquinas.com.br\/wp-content\/uploads\/2021\/06\/Frente-fria-300x225.jpg 300w, https:\/\/scrmaquinas.com.br\/wp-content\/uploads\/2021\/06\/Frente-fria.jpg 640w\" sizes=\"(max-width: 300px) 100vw, 300px\" \/><\/div>\n\t\t<\/a>\n\t\t\t\t<div class=\"elementor-post__text\">\n\t\t\t\t<h3 class=\"elementor-post__title\">\n\t\t\t<a href=\"https:\/\/scrmaquinas.com.br\/index.php\/2022\/05\/15\/temperaturas-baixas-e-ciclone-marcam-comeco-da-semana-veja-previsao-em-todas-as-regioes\/\" >\n\t\t\t\tTemperaturas baixas e ciclone marcam come\u00e7o da semana. Veja previs\u00e3o em todas as regi\u00f5es\t\t\t<\/a>\n\t\t<\/h3>\n\t\t\t\t<div class=\"elementor-post__meta-data\">\n\t\t\t\t\t<span class=\"elementor-post-date\">\n\t\t\t15 de maio de 2022\t\t<\/span>\n\t\t\t\t<span class=\"elementor-post-avatar\">\n\t\t\tNenhum coment\u00e1rio\t\t<\/span>\n\t\t\t\t<\/div>\n\t\t\t\t<div class=\"elementor-post__excerpt\">\n\t\t\t<p>Temperas baixas em grande parte do Brasil ditam o clima deste come\u00e7o de semana. No Sul, a chegada de um ciclone extratropical pode provocar rajadas de vento de at\u00e9 115 km\/h em Santa Catarina e no Rio Grande do Sul. Confira a previs\u00e3o para segunda e ter\u00e7a em todas as regi\u00f5es do pa\u00eds: Segunda-feira (16):<\/p>\n\t\t<\/div>\n\t\t\t\t\t<a class=\"elementor-post__read-more\" href=\"https:\/\/scrmaquinas.com.br\/index.php\/2022\/05\/15\/temperaturas-baixas-e-ciclone-marcam-comeco-da-semana-veja-previsao-em-todas-as-regioes\/\" >\n\t\t\t\tLeia Mais \u00bb\t\t\t<\/a>\n\t\t\t\t<\/div>\n\t\t\t\t<\/article>\n\t\t\t\t<article class=\"elementor-post elementor-grid-item post-1844 post type-post status-publish format-standard has-post-thumbnail hentry category-sem-categoria\">\n\t\t\t\t<a class=\"elementor-post__thumbnail__link\" href=\"https:\/\/scrmaquinas.com.br\/index.php\/2021\/06\/24\/safra-mundial-de-graos-deve-superar-23-bi-de-toneladas-estima-igc\/\" >\n\t\t\t<div class=\"elementor-post__thumbnail\"><img width=\"300\" height=\"159\" src=\"https:\/\/scrmaquinas.com.br\/wp-content\/uploads\/2021\/06\/safra-300x159.jpg\" class=\"attachment-medium size-medium\" alt=\"\" loading=\"lazy\" srcset=\"https:\/\/scrmaquinas.com.br\/wp-content\/uploads\/2021\/06\/safra-300x159.jpg 300w, https:\/\/scrmaquinas.com.br\/wp-content\/uploads\/2021\/06\/safra.jpg 640w\" sizes=\"(max-width: 300px) 100vw, 300px\" \/><\/div>\n\t\t<\/a>\n\t\t\t\t<div class=\"elementor-post__text\">\n\t\t\t\t<h3 class=\"elementor-post__title\">\n\t\t\t<a href=\"https:\/\/scrmaquinas.com.br\/index.php\/2021\/06\/24\/safra-mundial-de-graos-deve-superar-23-bi-de-toneladas-estima-igc\/\" >\n\t\t\t\tSafra mundial de gr\u00e3os deve superar 2,3 bi de toneladas, estima IGC\t\t\t<\/a>\n\t\t<\/h3>\n\t\t\t\t<div class=\"elementor-post__meta-data\">\n\t\t\t\t\t<span class=\"elementor-post-date\">\n\t\t\t24 de junho de 2021\t\t<\/span>\n\t\t\t\t<span class=\"elementor-post-avatar\">\n\t\t\tNenhum coment\u00e1rio\t\t<\/span>\n\t\t\t\t<\/div>\n\t\t\t\t<div class=\"elementor-post__excerpt\">\n\t\t\t<p>O Conselho Internacional de Gr\u00e3os elevou as proje\u00e7\u00f5es sobre a safra mundial, que m\u00eas passado apontavam para 2,2 bilh\u00f5es de toneladas O Conselho Internacional de Gr\u00e3os (IGC) indicou proje\u00e7\u00e3o para a safra global de gr\u00e3os em 2021\/22 em 2,301 bilh\u00f5es de toneladas. No m\u00eas passado, a produ\u00e7\u00e3o para a pr\u00f3xima temporada foi estimada em 2,292<\/p>\n\t\t<\/div>\n\t\t\t\t\t<a class=\"elementor-post__read-more\" href=\"https:\/\/scrmaquinas.com.br\/index.php\/2021\/06\/24\/safra-mundial-de-graos-deve-superar-23-bi-de-toneladas-estima-igc\/\" >\n\t\t\t\tLeia Mais \u00bb\t\t\t<\/a>\n\t\t\t\t<\/div>\n\t\t\t\t<\/article>\n\t\t\t\t<article class=\"elementor-post elementor-grid-item post-1840 post type-post status-publish format-standard has-post-thumbnail hentry category-sem-categoria\">\n\t\t\t\t<a class=\"elementor-post__thumbnail__link\" href=\"https:\/\/scrmaquinas.com.br\/index.php\/2021\/06\/23\/possivel-ciclone-bomba-deve-atingir-o-sul-nas-proximas-48-horas\/\" >\n\t\t\t<div class=\"elementor-post__thumbnail\"><img width=\"300\" height=\"161\" src=\"https:\/\/scrmaquinas.com.br\/wp-content\/uploads\/2021\/06\/Ciclone-300x161.jpg\" class=\"attachment-medium size-medium\" alt=\"\" loading=\"lazy\" srcset=\"https:\/\/scrmaquinas.com.br\/wp-content\/uploads\/2021\/06\/Ciclone-300x161.jpg 300w, https:\/\/scrmaquinas.com.br\/wp-content\/uploads\/2021\/06\/Ciclone.jpg 631w\" sizes=\"(max-width: 300px) 100vw, 300px\" \/><\/div>\n\t\t<\/a>\n\t\t\t\t<div class=\"elementor-post__text\">\n\t\t\t\t<h3 class=\"elementor-post__title\">\n\t\t\t<a href=\"https:\/\/scrmaquinas.com.br\/index.php\/2021\/06\/23\/possivel-ciclone-bomba-deve-atingir-o-sul-nas-proximas-48-horas\/\" >\n\t\t\t\tPoss\u00edvel ciclone bomba deve atingir o Sul nas pr\u00f3ximas 48 horas\t\t\t<\/a>\n\t\t<\/h3>\n\t\t\t\t<div class=\"elementor-post__meta-data\">\n\t\t\t\t\t<span class=\"elementor-post-date\">\n\t\t\t23 de junho de 2021\t\t<\/span>\n\t\t\t\t<span class=\"elementor-post-avatar\">\n\t\t\tNenhum coment\u00e1rio\t\t<\/span>\n\t\t\t\t<\/div>\n\t\t\t\t<div class=\"elementor-post__excerpt\">\n\t\t\t<p>O fen\u00f4meno conhecido como ciclone bomba pode provocar temporais, granizo e ventania para o Rio Grande do Sul e Santa Catarina A poss\u00edvel forma\u00e7\u00e3o de um \u201cciclone bomba\u201d vai levar temporais, granizo e ventania para o Rio Grande do Sul e Santa Catarina entre esta quinta-feira, 24, e sexta, 25. O ciclone bomba ganha este<\/p>\n\t\t<\/div>\n\t\t\t\t\t<a class=\"elementor-post__read-more\" href=\"https:\/\/scrmaquinas.com.br\/index.php\/2021\/06\/23\/possivel-ciclone-bomba-deve-atingir-o-sul-nas-proximas-48-horas\/\" >\n\t\t\t\tLeia Mais \u00bb\t\t\t<\/a>\n\t\t\t\t<\/div>\n\t\t\t\t<\/article>\n\t\t\t\t<article class=\"elementor-post elementor-grid-item post-1788 post type-post status-publish format-standard has-post-thumbnail hentry category-sem-categoria\">\n\t\t\t\t<a class=\"elementor-post__thumbnail__link\" href=\"https:\/\/scrmaquinas.com.br\/index.php\/2021\/06\/23\/uso-de-drones-e-cada-vez-mais-comum-no-agronegocio\/\" >\n\t\t\t<div class=\"elementor-post__thumbnail\"><img width=\"300\" height=\"167\" src=\"https:\/\/scrmaquinas.com.br\/wp-content\/uploads\/2021\/06\/drone-300x167.jpg\" class=\"attachment-medium size-medium\" alt=\"\" loading=\"lazy\" srcset=\"https:\/\/scrmaquinas.com.br\/wp-content\/uploads\/2021\/06\/drone-300x167.jpg 300w, https:\/\/scrmaquinas.com.br\/wp-content\/uploads\/2021\/06\/drone-768x427.jpg 768w, https:\/\/scrmaquinas.com.br\/wp-content\/uploads\/2021\/06\/drone.jpg 800w\" sizes=\"(max-width: 300px) 100vw, 300px\" \/><\/div>\n\t\t<\/a>\n\t\t\t\t<div class=\"elementor-post__text\">\n\t\t\t\t<h3 class=\"elementor-post__title\">\n\t\t\t<a href=\"https:\/\/scrmaquinas.com.br\/index.php\/2021\/06\/23\/uso-de-drones-e-cada-vez-mais-comum-no-agronegocio\/\" >\n\t\t\t\tUso de drones \u00e9 cada vez mais comum no agroneg\u00f3cio\t\t\t<\/a>\n\t\t<\/h3>\n\t\t\t\t<div class=\"elementor-post__meta-data\">\n\t\t\t\t\t<span class=\"elementor-post-date\">\n\t\t\t23 de junho de 2021\t\t<\/span>\n\t\t\t\t<span class=\"elementor-post-avatar\">\n\t\t\tNenhum coment\u00e1rio\t\t<\/span>\n\t\t\t\t<\/div>\n\t\t\t\t<div class=\"elementor-post__excerpt\">\n\t\t\t<p>Aliados de trabalhadores no plantio, aparelhos podem custar at\u00e9 R$ 280 mil. Mercado de trabalho tem demanda por profissionais habilitados no manuseio de drones. Os drones s\u00e3o pequenos em tamanho, mas grandes em import\u00e2ncia e ajudam a monitorar cerca de 50 mil hectares de um canavial dentro de uma fazenda no munic\u00edpio de Queiroz (SP).<\/p>\n\t\t<\/div>\n\t\t\t\t\t<a class=\"elementor-post__read-more\" href=\"https:\/\/scrmaquinas.com.br\/index.php\/2021\/06\/23\/uso-de-drones-e-cada-vez-mais-comum-no-agronegocio\/\" >\n\t\t\t\tLeia Mais \u00bb\t\t\t<\/a>\n\t\t\t\t<\/div>\n\t\t\t\t<\/article>\n\t\t\t\t<article class=\"elementor-post elementor-grid-item post-1785 post type-post status-publish format-standard has-post-thumbnail hentry category-sem-categoria\">\n\t\t\t\t<a class=\"elementor-post__thumbnail__link\" href=\"https:\/\/scrmaquinas.com.br\/index.php\/2021\/06\/23\/nova-frente-fria-vem-ai-sera-que-teremos-chuva-ja-nesta-terca\/\" >\n\t\t\t<div class=\"elementor-post__thumbnail\"><img width=\"300\" height=\"225\" src=\"https:\/\/scrmaquinas.com.br\/wp-content\/uploads\/2021\/06\/Frente-fria-300x225.jpg\" class=\"attachment-medium size-medium\" alt=\"\" loading=\"lazy\" srcset=\"https:\/\/scrmaquinas.com.br\/wp-content\/uploads\/2021\/06\/Frente-fria-300x225.jpg 300w, https:\/\/scrmaquinas.com.br\/wp-content\/uploads\/2021\/06\/Frente-fria.jpg 640w\" sizes=\"(max-width: 300px) 100vw, 300px\" \/><\/div>\n\t\t<\/a>\n\t\t\t\t<div class=\"elementor-post__text\">\n\t\t\t\t<h3 class=\"elementor-post__title\">\n\t\t\t<a href=\"https:\/\/scrmaquinas.com.br\/index.php\/2021\/06\/23\/nova-frente-fria-vem-ai-sera-que-teremos-chuva-ja-nesta-terca\/\" >\n\t\t\t\tNova frente fria vem a\u00ed: ser\u00e1 que teremos chuva j\u00e1 nesta ter\u00e7a?\t\t\t<\/a>\n\t\t<\/h3>\n\t\t\t\t<div class=\"elementor-post__meta-data\">\n\t\t\t\t\t<span class=\"elementor-post-date\">\n\t\t\t23 de junho de 2021\t\t<\/span>\n\t\t\t\t<span class=\"elementor-post-avatar\">\n\t\t\tNenhum coment\u00e1rio\t\t<\/span>\n\t\t\t\t<\/div>\n\t\t\t\t<div class=\"elementor-post__excerpt\">\n\t\t\t<p>Sistema avan\u00e7a pelo Sul do pa\u00eds e leva bastante nebulosidade, enquanto outros fen\u00f4menos alimentam chuva na metade norte do pa\u00eds Sul A passagem de uma frente fria costeira aumenta de forma significativa a nebulosidade sobre a faixa leste do Rio Grande do Sul e Santa Catarina, e litoral do Paran\u00e1 ao longo desta ter\u00e7a-feira, mas,<\/p>\n\t\t<\/div>\n\t\t\t\t\t<a class=\"elementor-post__read-more\" href=\"https:\/\/scrmaquinas.com.br\/index.php\/2021\/06\/23\/nova-frente-fria-vem-ai-sera-que-teremos-chuva-ja-nesta-terca\/\" >\n\t\t\t\tLeia Mais \u00bb\t\t\t<\/a>\n\t\t\t\t<\/div>\n\t\t\t\t<\/article>\n\t\t\t\t<article class=\"elementor-post elementor-grid-item post-1781 post type-post status-publish format-standard has-post-thumbnail hentry category-sem-categoria\">\n\t\t\t\t<a class=\"elementor-post__thumbnail__link\" href=\"https:\/\/scrmaquinas.com.br\/index.php\/2021\/06\/23\/tereza-cristina-ainda-queremos-mais-recursos-para-o-plano-safra\/\" >\n\t\t\t<div class=\"elementor-post__thumbnail\"><img width=\"300\" height=\"202\" src=\"https:\/\/scrmaquinas.com.br\/wp-content\/uploads\/2021\/06\/Plano-safra-300x202.jpg\" class=\"attachment-medium size-medium\" alt=\"\" loading=\"lazy\" srcset=\"https:\/\/scrmaquinas.com.br\/wp-content\/uploads\/2021\/06\/Plano-safra-300x202.jpg 300w, https:\/\/scrmaquinas.com.br\/wp-content\/uploads\/2021\/06\/Plano-safra.jpg 708w\" sizes=\"(max-width: 300px) 100vw, 300px\" \/><\/div>\n\t\t<\/a>\n\t\t\t\t<div class=\"elementor-post__text\">\n\t\t\t\t<h3 class=\"elementor-post__title\">\n\t\t\t<a href=\"https:\/\/scrmaquinas.com.br\/index.php\/2021\/06\/23\/tereza-cristina-ainda-queremos-mais-recursos-para-o-plano-safra\/\" >\n\t\t\t\tTereza Cristina: Ainda queremos mais recursos para o Plano Safra\t\t\t<\/a>\n\t\t<\/h3>\n\t\t\t\t<div class=\"elementor-post__meta-data\">\n\t\t\t\t\t<span class=\"elementor-post-date\">\n\t\t\t23 de junho de 2021\t\t<\/span>\n\t\t\t\t<span class=\"elementor-post-avatar\">\n\t\t\tNenhum coment\u00e1rio\t\t<\/span>\n\t\t\t\t<\/div>\n\t\t\t\t<div class=\"elementor-post__excerpt\">\n\t\t\t<p>A ministra da Agricultura disse que vai solicitar mais verba para o programa de seguro rural Durante a cerim\u00f4nia de lan\u00e7amento do Plano Safra 2021\/22, realizado nesta ter\u00e7a, 22, a ministra da Agricultura, Tereza Cristina, disse estar feliz com o montante de recursos disponibilizados, da ordem de R$ 251,2 bilh\u00f5es. No entanto, ela afirmou que<\/p>\n\t\t<\/div>\n\t\t\t\t\t<a class=\"elementor-post__read-more\" href=\"https:\/\/scrmaquinas.com.br\/index.php\/2021\/06\/23\/tereza-cristina-ainda-queremos-mais-recursos-para-o-plano-safra\/\" >\n\t\t\t\tLeia Mais \u00bb\t\t\t<\/a>\n\t\t\t\t<\/div>\n\t\t\t\t<\/article>\n\t\t\t\t<\/div>\n\t\t\t\t<nav class=\"elementor-pagination\" role=\"navigation\" aria-label=\"Pagination\">\n\t\t\t<span class=\"page-numbers prev\">&laquo; Anterior<\/span>\n<span aria-current=\"page\" class=\"page-numbers current\"><span class=\"elementor-screen-only\">Page<\/span>1<\/span>\n<a class=\"page-numbers\" href=\"https:\/\/scrmaquinas.com.br\/index.php\/wp-json\/wp\/v2\/pages\/890\/page\/2\/\"><span class=\"elementor-screen-only\">Page<\/span>2<\/a>\n<a class=\"page-numbers next\" href=\"https:\/\/scrmaquinas.com.br\/index.php\/wp-json\/wp\/v2\/pages\/890\/page\/2\/\">Proximo &raquo;<\/a>\t\t<\/nav>\n\t\t\t\t<\/div>\n\t\t\t\t<\/div>\n\t\t\t\t\t<\/div>\n\t\t<\/div>\n\t\t\t\t\t\t\t<\/div>\n\t\t<\/section>\n\t\t\t\t\t\t<\/div>\n\t\t\t\t\t<\/div>\n\t\t","protected":false},"excerpt":{"rendered":"<p>Noticias Voc\u00ea j\u00e1 deve ter percebido a quantidade imensa de informa\u00e7\u00f5es novas que aparecem todos os dias. Com a internet, isso fica ainda mais evidente: as not\u00edcias chegam aos borbot\u00f5es. S\u00e3o novas descobertas cient\u00edficas, novas aplicabilidades t\u00e9cnicas, novos usos para coisas antigas ou coisas novas que v\u00eam substituir outras que nem chegaram a ficar antigas &hellip;<\/p>\n<p class=\"read-more\"> <a class=\"\" href=\"https:\/\/scrmaquinas.com.br\/index.php\/2021\/06\/23\/tereza-cristina-ainda-queremos-mais-recursos-para-o-plano-safra\/\"> <span class=\"screen-reader-text\">Tereza Cristina: Ainda queremos mais recursos para o Plano Safra<\/span> Leia mais \u00bb<\/a><\/p>\n","protected":false},"author":1,"featured_media":0,"parent":0,"menu_order":0,"comment_status":"closed","ping_status":"closed","template":"","meta":[],"uagb_featured_image_src":{"full":false,"thumbnail":false,"medium":false,"medium_large":false,"large":false,"1536x1536":false,"2048x2048":false},"uagb_author_info":{"display_name":"Administrador","author_link":"https:\/\/scrmaquinas.com.br\/index.php\/author\/administrador\/"},"uagb_comment_info":0,"uagb_excerpt":"Noticias Voc\u00ea j\u00e1 deve ter percebido a quantidade imensa de informa\u00e7\u00f5es novas que aparecem todos os dias. Com a internet, isso fica ainda mais evidente: as not\u00edcias chegam aos borbot\u00f5es. S\u00e3o novas descobertas cient\u00edficas, novas aplicabilidades t\u00e9cnicas, novos usos para coisas antigas ou coisas novas que v\u00eam substituir outras que nem chegaram a ficar antigas&hellip;","_links":{"self":[{"href":"https:\/\/scrmaquinas.com.br\/index.php\/wp-json\/wp\/v2\/pages\/890"}],"collection":[{"href":"https:\/\/scrmaquinas.com.br\/index.php\/wp-json\/wp\/v2\/pages"}],"about":[{"href":"https:\/\/scrmaquinas.com.br\/index.php\/wp-json\/wp\/v2\/types\/page"}],"author":[{"embeddable":true,"href":"https:\/\/scrmaquinas.com.br\/index.php\/wp-json\/wp\/v2\/users\/1"}],"replies":[{"embeddable":true,"href":"https:\/\/scrmaquinas.com.br\/index.php\/wp-json\/wp\/v2\/comments?post=890"}],"version-history":[{"count":88,"href":"https:\/\/scrmaquinas.com.br\/index.php\/wp-json\/wp\/v2\/pages\/890\/revisions"}],"predecessor-version":[{"id":1922,"href":"https:\/\/scrmaquinas.com.br\/index.php\/wp-json\/wp\/v2\/pages\/890\/revisions\/1922"}],"wp:attachment":[{"href":"https:\/\/scrmaquinas.com.br\/index.php\/wp-json\/wp\/v2\/media?parent=890"}],"curies":[{"name":"wp","href":"https:\/\/api.w.org\/{rel}","templated":true}]}}