{"id":688,"date":"2021-02-04T02:50:10","date_gmt":"2021-02-04T05:50:10","guid":{"rendered":"http:\/\/scrmaquinas.com.br\/index.php\/resource\/"},"modified":"2021-06-22T17:41:25","modified_gmt":"2021-06-22T20:41:25","slug":"recursos","status":"publish","type":"page","link":"https:\/\/scrmaquinas.com.br\/index.php\/recursos\/","title":{"rendered":"Recursos"},"content":{"rendered":"\t\t<div data-elementor-type=\"wp-page\" data-elementor-id=\"688\" class=\"elementor elementor-688\" data-elementor-settings=\"[]\">\n\t\t\t\t\t\t\t<div class=\"elementor-section-wrap\">\n\t\t\t\t\t\t\t<section class=\"elementor-section elementor-top-section elementor-element elementor-element-e86fa30 elementor-section-boxed elementor-section-height-default elementor-section-height-default\" data-id=\"e86fa30\" data-element_type=\"section\" data-settings=\"{&quot;background_background&quot;:&quot;classic&quot;}\">\n\t\t\t\t\t\t\t<div class=\"elementor-background-overlay\"><\/div>\n\t\t\t\t\t\t\t<div class=\"elementor-container elementor-column-gap-no\">\n\t\t\t\t\t<div class=\"elementor-column elementor-col-100 elementor-top-column elementor-element elementor-element-b9cda33\" data-id=\"b9cda33\" data-element_type=\"column\">\n\t\t\t<div class=\"elementor-widget-wrap elementor-element-populated\">\n\t\t\t\t\t\t\t\t<div class=\"elementor-element elementor-element-58d0d41 elementor-widget elementor-widget-heading\" data-id=\"58d0d41\" data-element_type=\"widget\" data-widget_type=\"heading.default\">\n\t\t\t\t<div class=\"elementor-widget-container\">\n\t\t\t<h1 class=\"elementor-heading-title elementor-size-default\">Recursos<\/h1>\t\t<\/div>\n\t\t\t\t<\/div>\n\t\t\t\t<div class=\"elementor-element elementor-element-491e9b5 elementor-widget elementor-widget-text-editor\" data-id=\"491e9b5\" data-element_type=\"widget\" data-widget_type=\"text-editor.default\">\n\t\t\t\t<div class=\"elementor-widget-container\">\n\t\t\t\t\t<div class=\"elementor-text-editor elementor-clearfix\"><p>Nesta sess\u00e3o voc\u00ea encontra manuais, resenhas e utilidades para ajudar voc\u00ea na hora da manuten\u00e7\u00e3o das M\u00e1quinas vendidas pela Schlickmann<\/p><\/div>\n\t\t\t\t<\/div>\n\t\t\t\t<\/div>\n\t\t\t\t\t<\/div>\n\t\t<\/div>\n\t\t\t\t\t\t\t<\/div>\n\t\t<\/section>\n\t\t\t\t<section class=\"elementor-section elementor-top-section elementor-element elementor-element-d6a542f elementor-section-boxed elementor-section-height-default elementor-section-height-default\" data-id=\"d6a542f\" data-element_type=\"section\">\n\t\t\t\t\t\t<div class=\"elementor-container elementor-column-gap-default\">\n\t\t\t\t\t<div class=\"elementor-column elementor-col-100 elementor-top-column elementor-element elementor-element-ff1f3c7\" data-id=\"ff1f3c7\" data-element_type=\"column\">\n\t\t\t<div class=\"elementor-widget-wrap elementor-element-populated\">\n\t\t\t\t\t\t\t\t<div class=\"elementor-element elementor-element-adedf6b elementor-widget elementor-widget-spacer\" data-id=\"adedf6b\" data-element_type=\"widget\" data-widget_type=\"spacer.default\">\n\t\t\t\t<div class=\"elementor-widget-container\">\n\t\t\t\t\t<div class=\"elementor-spacer\">\n\t\t\t<div class=\"elementor-spacer-inner\"><\/div>\n\t\t<\/div>\n\t\t\t\t<\/div>\n\t\t\t\t<\/div>\n\t\t\t\t\t<\/div>\n\t\t<\/div>\n\t\t\t\t\t\t\t<\/div>\n\t\t<\/section>\n\t\t\t\t<section class=\"elementor-section elementor-top-section elementor-element elementor-element-5e28d72 elementor-section-boxed elementor-section-height-default elementor-section-height-default\" data-id=\"5e28d72\" data-element_type=\"section\" data-settings=\"{&quot;background_background&quot;:&quot;classic&quot;}\">\n\t\t\t\t\t\t<div class=\"elementor-container elementor-column-gap-default\">\n\t\t\t\t\t<div class=\"elementor-column elementor-col-100 elementor-top-column elementor-element elementor-element-096871e\" data-id=\"096871e\" data-element_type=\"column\">\n\t\t\t<div class=\"elementor-widget-wrap elementor-element-populated\">\n\t\t\t\t\t\t\t\t<div class=\"elementor-element elementor-element-f05f87f elementor-widget elementor-widget-text-editor\" data-id=\"f05f87f\" data-element_type=\"widget\" data-widget_type=\"text-editor.default\">\n\t\t\t\t<div class=\"elementor-widget-container\">\n\t\t\t\t\t<div class=\"elementor-text-editor elementor-clearfix\"><p><strong>Clicando no Bot\u00f5es abaixo voc\u00ea ser\u00e1 redirecionado para a p\u00e1gina de Suporte das fabricantes, e voc\u00ea ter\u00e1 a sua disposi\u00e7\u00e3o todos os manuais e tabelas relacionados aos equipamentos.<\/strong><\/p><\/div>\n\t\t\t\t<\/div>\n\t\t\t\t<\/div>\n\t\t\t\t\t<\/div>\n\t\t<\/div>\n\t\t\t\t\t\t\t<\/div>\n\t\t<\/section>\n\t\t\t\t<section class=\"elementor-section elementor-top-section elementor-element elementor-element-253abe7 elementor-section-boxed elementor-section-height-default elementor-section-height-default\" data-id=\"253abe7\" data-element_type=\"section\">\n\t\t\t\t\t\t<div class=\"elementor-container elementor-column-gap-no\">\n\t\t\t\t\t<div class=\"elementor-column elementor-col-100 elementor-top-column elementor-element elementor-element-df82c77\" data-id=\"df82c77\" data-element_type=\"column\">\n\t\t\t<div class=\"elementor-widget-wrap elementor-element-populated\">\n\t\t\t\t\t\t\t\t<section class=\"elementor-section elementor-inner-section elementor-element elementor-element-ccb724a elementor-section-boxed elementor-section-height-default elementor-section-height-default\" data-id=\"ccb724a\" data-element_type=\"section\">\n\t\t\t\t\t\t<div class=\"elementor-container elementor-column-gap-no\">\n\t\t\t\t\t<div class=\"elementor-column elementor-col-33 elementor-inner-column elementor-element elementor-element-489b415\" data-id=\"489b415\" data-element_type=\"column\">\n\t\t\t<div class=\"elementor-widget-wrap elementor-element-populated\">\n\t\t\t\t\t\t\t\t<div class=\"elementor-element elementor-element-d66f6a8 elementor-widget elementor-widget-image\" data-id=\"d66f6a8\" data-element_type=\"widget\" data-widget_type=\"image.default\">\n\t\t\t\t<div class=\"elementor-widget-container\">\n\t\t\t\t\t<div class=\"elementor-image\">\n\t\t\t\t\t\t\t\t\t\t<img width=\"500\" height=\"410\" src=\"https:\/\/scrmaquinas.com.br\/wp-content\/uploads\/2021\/04\/Tatu.png\" class=\"attachment-full size-full\" alt=\"\" loading=\"lazy\" srcset=\"https:\/\/scrmaquinas.com.br\/wp-content\/uploads\/2021\/04\/Tatu.png 500w, https:\/\/scrmaquinas.com.br\/wp-content\/uploads\/2021\/04\/Tatu-300x246.png 300w\" sizes=\"(max-width: 500px) 100vw, 500px\" \/>\t\t\t\t\t\t\t\t\t\t\t<\/div>\n\t\t\t\t<\/div>\n\t\t\t\t<\/div>\n\t\t\t\t<div class=\"elementor-element elementor-element-82b10cf elementor-align-center elementor-widget elementor-widget-button\" data-id=\"82b10cf\" data-element_type=\"widget\" data-widget_type=\"button.default\">\n\t\t\t\t<div class=\"elementor-widget-container\">\n\t\t\t\t\t<div class=\"elementor-button-wrapper\">\n\t\t\t<a href=\"https:\/\/www.marchesan.com.br\/index.php\/manuais\/#24-47-utilitarios-1558719686\" class=\"elementor-button-link elementor-button elementor-size-sm\" role=\"button\">\n\t\t\t\t\t\t<span class=\"elementor-button-content-wrapper\">\n\t\t\t\t\t\t<span class=\"elementor-button-icon elementor-align-icon-right\">\n\t\t\t\t\t\t\t<\/span>\n\t\t\t\t\t\t<span class=\"elementor-button-text\">Clique Aqui!<\/span>\n\t\t<\/span>\n\t\t\t\t\t<\/a>\n\t\t<\/div>\n\t\t\t\t<\/div>\n\t\t\t\t<\/div>\n\t\t\t\t\t<\/div>\n\t\t<\/div>\n\t\t\t\t<div class=\"elementor-column elementor-col-33 elementor-inner-column elementor-element elementor-element-1d64e73\" data-id=\"1d64e73\" data-element_type=\"column\">\n\t\t\t<div class=\"elementor-widget-wrap elementor-element-populated\">\n\t\t\t\t\t\t\t\t<div class=\"elementor-element elementor-element-2dc4a4c elementor-widget elementor-widget-image\" data-id=\"2dc4a4c\" data-element_type=\"widget\" data-widget_type=\"image.default\">\n\t\t\t\t<div class=\"elementor-widget-container\">\n\t\t\t\t\t<div class=\"elementor-image\">\n\t\t\t\t\t\t\t\t\t\t<img width=\"300\" height=\"188\" src=\"https:\/\/scrmaquinas.com.br\/wp-content\/uploads\/2021\/04\/Vence-Tudo.png\" class=\"attachment-full size-full\" alt=\"\" loading=\"lazy\" \/>\t\t\t\t\t\t\t\t\t\t\t<\/div>\n\t\t\t\t<\/div>\n\t\t\t\t<\/div>\n\t\t\t\t<div class=\"elementor-element elementor-element-5d91812 elementor-align-center elementor-widget elementor-widget-button\" data-id=\"5d91812\" data-element_type=\"widget\" data-widget_type=\"button.default\">\n\t\t\t\t<div class=\"elementor-widget-container\">\n\t\t\t\t\t<div class=\"elementor-button-wrapper\">\n\t\t\t<a href=\"https:\/\/www.marchesan.com.br\/index.php\/manuais\/#24-47-utilitarios-1558719686\" class=\"elementor-button-link elementor-button elementor-size-sm\" role=\"button\">\n\t\t\t\t\t\t<span class=\"elementor-button-content-wrapper\">\n\t\t\t\t\t\t<span class=\"elementor-button-icon elementor-align-icon-right\">\n\t\t\t\t\t\t\t<\/span>\n\t\t\t\t\t\t<span class=\"elementor-button-text\">Clique Aqui!<\/span>\n\t\t<\/span>\n\t\t\t\t\t<\/a>\n\t\t<\/div>\n\t\t\t\t<\/div>\n\t\t\t\t<\/div>\n\t\t\t\t\t<\/div>\n\t\t<\/div>\n\t\t\t\t<div class=\"elementor-column elementor-col-33 elementor-inner-column elementor-element elementor-element-6d01014\" data-id=\"6d01014\" data-element_type=\"column\">\n\t\t\t<div class=\"elementor-widget-wrap elementor-element-populated\">\n\t\t\t\t\t\t\t\t<div class=\"elementor-element elementor-element-630ad01 elementor-widget elementor-widget-image\" data-id=\"630ad01\" data-element_type=\"widget\" data-widget_type=\"image.default\">\n\t\t\t\t<div class=\"elementor-widget-container\">\n\t\t\t\t\t<div class=\"elementor-image\">\n\t\t\t\t\t\t\t\t\t\t<img width=\"995\" height=\"1448\" src=\"https:\/\/scrmaquinas.com.br\/wp-content\/uploads\/2021\/04\/pngegg2.png\" class=\"attachment-full size-full\" alt=\"\" loading=\"lazy\" srcset=\"https:\/\/scrmaquinas.com.br\/wp-content\/uploads\/2021\/04\/pngegg2.png 995w, https:\/\/scrmaquinas.com.br\/wp-content\/uploads\/2021\/04\/pngegg2-206x300.png 206w, https:\/\/scrmaquinas.com.br\/wp-content\/uploads\/2021\/04\/pngegg2-704x1024.png 704w, https:\/\/scrmaquinas.com.br\/wp-content\/uploads\/2021\/04\/pngegg2-768x1118.png 768w\" sizes=\"(max-width: 995px) 100vw, 995px\" \/>\t\t\t\t\t\t\t\t\t\t\t<\/div>\n\t\t\t\t<\/div>\n\t\t\t\t<\/div>\n\t\t\t\t<div class=\"elementor-element elementor-element-4bd6a98 elementor-align-center elementor-widget elementor-widget-button\" data-id=\"4bd6a98\" data-element_type=\"widget\" data-widget_type=\"button.default\">\n\t\t\t\t<div class=\"elementor-widget-container\">\n\t\t\t\t\t<div class=\"elementor-button-wrapper\">\n\t\t\t<a href=\"https:\/\/www.marchesan.com.br\/index.php\/manuais\/#24-47-utilitarios-1558719686\" class=\"elementor-button-link elementor-button elementor-size-sm\" role=\"button\">\n\t\t\t\t\t\t<span class=\"elementor-button-content-wrapper\">\n\t\t\t\t\t\t<span class=\"elementor-button-icon elementor-align-icon-right\">\n\t\t\t\t\t\t\t<\/span>\n\t\t\t\t\t\t<span class=\"elementor-button-text\">Clique Aqui!<\/span>\n\t\t<\/span>\n\t\t\t\t\t<\/a>\n\t\t<\/div>\n\t\t\t\t<\/div>\n\t\t\t\t<\/div>\n\t\t\t\t\t<\/div>\n\t\t<\/div>\n\t\t\t\t\t\t\t<\/div>\n\t\t<\/section>\n\t\t\t\t\t<\/div>\n\t\t<\/div>\n\t\t\t\t\t\t\t<\/div>\n\t\t<\/section>\n\t\t\t\t\t\t<\/div>\n\t\t\t\t\t<\/div>\n\t\t","protected":false},"excerpt":{"rendered":"<p>Recursos Nesta sess\u00e3o voc\u00ea encontra manuais, resenhas e utilidades para ajudar voc\u00ea na hora da manuten\u00e7\u00e3o das M\u00e1quinas vendidas pela Schlickmann Clicando no Bot\u00f5es abaixo voc\u00ea ser\u00e1 redirecionado para a p\u00e1gina de Suporte das fabricantes, e voc\u00ea ter\u00e1 a sua disposi\u00e7\u00e3o todos os manuais e tabelas relacionados aos equipamentos. Clique Aqui! Clique Aqui! Clique Aqui!<\/p>\n","protected":false},"author":1,"featured_media":0,"parent":0,"menu_order":0,"comment_status":"closed","ping_status":"closed","template":"","meta":[],"uagb_featured_image_src":{"full":false,"thumbnail":false,"medium":false,"medium_large":false,"large":false,"1536x1536":false,"2048x2048":false},"uagb_author_info":{"display_name":"Administrador","author_link":"https:\/\/scrmaquinas.com.br\/index.php\/author\/administrador\/"},"uagb_comment_info":0,"uagb_excerpt":"Recursos Nesta sess\u00e3o voc\u00ea encontra manuais, resenhas e utilidades para ajudar voc\u00ea na hora da manuten\u00e7\u00e3o das M\u00e1quinas vendidas pela Schlickmann Clicando no Bot\u00f5es abaixo voc\u00ea ser\u00e1 redirecionado para a p\u00e1gina de Suporte das fabricantes, e voc\u00ea ter\u00e1 a sua disposi\u00e7\u00e3o todos os manuais e tabelas relacionados aos equipamentos. Clique Aqui! Clique Aqui! Clique Aqui!","_links":{"self":[{"href":"https:\/\/scrmaquinas.com.br\/index.php\/wp-json\/wp\/v2\/pages\/688"}],"collection":[{"href":"https:\/\/scrmaquinas.com.br\/index.php\/wp-json\/wp\/v2\/pages"}],"about":[{"href":"https:\/\/scrmaquinas.com.br\/index.php\/wp-json\/wp\/v2\/types\/page"}],"author":[{"embeddable":true,"href":"https:\/\/scrmaquinas.com.br\/index.php\/wp-json\/wp\/v2\/users\/1"}],"replies":[{"embeddable":true,"href":"https:\/\/scrmaquinas.com.br\/index.php\/wp-json\/wp\/v2\/comments?post=688"}],"version-history":[{"count":19,"href":"https:\/\/scrmaquinas.com.br\/index.php\/wp-json\/wp\/v2\/pages\/688\/revisions"}],"predecessor-version":[{"id":1694,"href":"https:\/\/scrmaquinas.com.br\/index.php\/wp-json\/wp\/v2\/pages\/688\/revisions\/1694"}],"wp:attachment":[{"href":"https:\/\/scrmaquinas.com.br\/index.php\/wp-json\/wp\/v2\/media?parent=688"}],"curies":[{"name":"wp","href":"https:\/\/api.w.org\/{rel}","templated":true}]}}